{"id":1069,"date":"2022-08-04T00:42:24","date_gmt":"2022-08-04T00:42:24","guid":{"rendered":"https:\/\/absentha.com.ar\/site\/?page_id=1069"},"modified":"2023-07-05T00:29:09","modified_gmt":"2023-07-05T00:29:09","slug":"terminos-y-condiciones","status":"publish","type":"page","link":"https:\/\/absentha.com.ar\/site\/terminos-y-condiciones\/","title":{"rendered":"T\u00e9rminos y Condiciones"},"content":{"rendered":"\t\t<div data-elementor-type=\"wp-page\" data-elementor-id=\"1069\" class=\"elementor elementor-1069\" data-elementor-post-type=\"page\">\n\t\t\t\t\t\t<section class=\"elementor-section elementor-top-section elementor-element elementor-element-1d3cd716 elementor-section-boxed elementor-section-height-default elementor-section-height-default\" data-id=\"1d3cd716\" data-element_type=\"section\">\n\t\t\t\t\t\t<div class=\"elementor-container elementor-column-gap-default\">\n\t\t\t\t\t<div class=\"elementor-column elementor-col-100 elementor-top-column elementor-element elementor-element-49d2cdbf\" data-id=\"49d2cdbf\" data-element_type=\"column\">\n\t\t\t<div class=\"elementor-widget-wrap elementor-element-populated\">\n\t\t\t\t\t\t<div class=\"elementor-element elementor-element-70572252 elementor-widget elementor-widget-text-editor\" data-id=\"70572252\" data-element_type=\"widget\" data-widget_type=\"text-editor.default\">\n\t\t\t\t<div class=\"elementor-widget-container\">\n\t\t\t\t\t\t\t\t\t<p><\/p>\n<p>\u00a1<strong>Bienvenido!<\/strong><br \/>Ante todo queremos decirte que estamos muy felices que est\u00e9s navegando nuestro sitio y queremos proponerte una comunicaci\u00f3n franca y fluida, nuestra intenci\u00f3n es que tu experiencia de navegaci\u00f3n y compra sea de tu agrado y que vuelvas, estamos para eso. Para ello ponemos a tu disposici\u00f3n nuestros medios de contacto: mail absenthasecrets@gmail.com whatsApp 1150552591 o por instagram @absentha_ Absentha vende art\u00edculos destinados a procurarte placer y satisfacci\u00f3n, no vendemos log\u00edstica ni env\u00edos, por lo tanto siempre vamos a tratar de encontrar la forma m\u00e1s econ\u00f3mica de que tus productos te lleguen.<\/p>\n<p><strong>T\u00e9rminos y condiciones<\/strong><br \/>Por favor, lee atentamente los siguientes t\u00e9rminos y condiciones y reglas b\u00e1sicas que rigen el acceso, uso, transacciones y dem\u00e1s servicios en y\/o a trav\u00e9s del sitio.<br \/>Toda y cualquiera de las actividades consistentes en el acceso, uso, visitas, navegaci\u00f3n, registraci\u00f3n y\/o confirmaci\u00f3n electr\u00f3nica de las transacciones realizadas a trav\u00e9s del sitio, se encuentran sujetas a la aceptaci\u00f3n y el consentimiento expreso del usuario de los t\u00e9rminos y condiciones. Deber\u00e1 abstenerse de utilizar el sitio quien no acepte los t\u00e9rminos y condiciones aqu\u00ed expuestos.\u00a0<br \/><span style=\"font-size: 14px;color: var( --e-global-color-text )\">S\u00f3lo podr\u00e1n ser usuarios del sitio las personas humanas mayores de 18 a\u00f1os, que <\/span><span style=\"font-size: 14px;color: var( --e-global-color-text )\">posean capacidad legal para contratar y que no tengan ning\u00fan impedimento seg\u00fan <\/span><span style=\"font-size: 14px;color: var( --e-global-color-text )\">las leyes de la Argentina para utilizar este sitio (en adelante, el \u201cUsuario\u201d).<br \/><\/span><span style=\"font-size: 14px;color: var( --e-global-color-text )\">El Usuario podr\u00e1 participar de las promociones, sorteos, competencias, concursos <\/span><span style=\"font-size: 14px;color: var( --e-global-color-text )\">y consignas que sean realizadas en el sitio, organizadas por el vendedor y\/o <\/span><span style=\"font-size: 14px;color: var( --e-global-color-text )\">terceros anunciantes. El Usuario comprende y acepta que dicha participaci\u00f3n <\/span><span style=\"font-size: 14px;color: var( --e-global-color-text )\">quedar\u00e1 sujeta a los t\u00e9rminos y condiciones y a las condiciones particulares que <\/span><span style=\"font-size: 14px;color: var( --e-global-color-text )\">eventualmente se establezcan para cada promoci\u00f3n. Estas \u00faltimas se <\/span><span style=\"font-size: 14px;color: var( --e-global-color-text )\">considerar\u00e1n aceptadas si el usuario decide voluntariamente participar en una <\/span><span style=\"font-size: 14px;color: var( --e-global-color-text )\">promoci\u00f3n.<\/span><\/p>\n<p><\/p>\n<p><\/p>\n<p><strong>Prohibici\u00f3n de ingreso y uso del sitio a menores de edad<\/strong><br \/>Solo podr\u00e1n acceder, usar y\/o realizar transacciones con el sitio personas mayores de 18 a\u00f1os de edad. Conforme lo establecido por el art. 6 inciso A de la ley 24.788 los mensajes creados y\/o actividades realizadas en y\/o a trav\u00e9s del sitio no pueden tener como destinatarios a menores de 18 a\u00f1os. Si la declaraci\u00f3n realizada por el Usuario respecto de su edad fuera falsa o err\u00f3nea, ser\u00e1 exclusiva responsabilidad del Usuario y\/o de los padres y\/o tutores y\/o responsables del Usuario. Los padres y\/o tutores del usuario pueden asimismo solicitar, frente a la declaraci\u00f3n falsa o err\u00f3nea realizada por un menor, que se\u00a0elimine la informaci\u00f3n del respectivo usuario de la base de datos del sitio. Para ello, deber\u00e1 comunicarse con el vendedor a la siguiente direcci\u00f3n de correo electr\u00f3nico <a href=\"mailto:absenthasecrets@gmail.com\" target=\"_blank\" rel=\"noreferrer noopener\">absenthasecrets@gmail.com<\/a><\/p>\n<p><\/p>\n<p><\/p>\n<p><strong>Confidencialidad de los Datos Personales<\/strong><br \/>En el marco de la Pol\u00edtica de Privacidad, el vendedor mantendr\u00e1 en absoluta confidencialidad la totalidad de los datos personales suministrados por los usuarios del sitio, salvo en los casos en los que la Ley de Protecci\u00f3n de Datos Personales permite y\/o obligue su divulgaci\u00f3n. Para mayor detalle ver las Pol\u00edticas de Privacidad.<\/p>\n<p><strong>Funcionamiento del sitio<\/strong><br \/>El vendedor podr\u00e1, sin necesidad de notificaci\u00f3n previa, determinar la suspensi\u00f3n,\u00a0modificaci\u00f3n y\/o terminaci\u00f3n del sitio; por lo que no ser\u00e1 responsable frente al Usuario ni frente a ning\u00fan tercero por ning\u00fan concepto, ante cualquiera de estas circunstancias. El vendedor es libre de limitar el acceso al sitio y\/o a los productos en \u00e9l ofrecidos a los usuarios sin necesidad de justificaci\u00f3n ni notificaci\u00f3n previa.<\/p>\n<p><strong>Procedimiento de compra para Usuarios<br \/>Condiciones Generales<\/strong><br \/>Las condiciones de compra que se apliquen a cada transacci\u00f3n, ser\u00e1n las publicadas al momento de realizar la transacci\u00f3n. En tal oportunidad, el usuario deber\u00e1 aceptar las condiciones generales de venta y entrega que son especificadas en estos t\u00e9rminos y condiciones, la descripci\u00f3n de los productos ofrecidos y el precio publicado. El vendedor se compromete a gestionar los pedidos siempre que los productos y\/o art\u00edculos requeridos por el usuario est\u00e9n disponibles en stock, como se sabe la din\u00e1mica de la venta online implica que varias personas puedan estar comprando al mismo tiempo, esto puede afectar el stock de mercader\u00eda. Igualmente el vendedor procurara satisfacer dentro de sus posibilidades todos los reclamos surgidos de este tema. El vendedor informa a los usuarios que las fotos de los productos pueden diferir del realmente comercializado, debido a un error involuntario en la carga o tambi\u00e9n debido a que muchas veces las fabricas cambian sus etiquetas y\/o distribuyen ediciones especiales no siendo esto responsabilidad del vendedor. En el caso de los vinos, la foto puede no reflejar el a\u00f1o de la cosecha que es efectivamente comercializado.<br \/>Todos los precios del sitio est\u00e1n formulados en pesos argentinos e incluyen el Impuesto al Valor Agregado (I.V.A.), pero no incluye el costo de env\u00edo, que de no estar bonificado (si as\u00ed fuera deber\u00e1 estar espec\u00edficamente indicado en el sitio) se <span style=\"font-size: 14px;color: var( --e-global-color-text )\">calcular\u00e1 en funci\u00f3n del monto de la compra y la localizaci\u00f3n informada por el\u00a0<\/span><span style=\"font-size: 14px;color: var( --e-global-color-text )\">usuario al momento de concluir el procedimiento de compra.<br \/><\/span><span style=\"font-size: 14px;color: var( --e-global-color-text )\">Las Promociones no ser\u00e1n acumulativas. Las ofertas y promociones s\u00f3lo tendr\u00e1n\u00a0<\/span><span style=\"font-size: 14px;color: var( --e-global-color-text )\">validez para los pedidos efectuados a partir de la fecha de vigencia de la misma y\u00a0<\/span><span style=\"font-size: 14px;color: var( --e-global-color-text )\">hasta la fecha de finalizaci\u00f3n de la misma.<\/span><\/p>\n<p><strong>Condiciones de Pago<\/strong><br \/>Los medios de pago disponibles son efectivo, transferencia bancaria o aplicaci\u00f3n, ante cualquier duda podes comunicarte al mail <span style=\"color: #000000\">absenthasecre<a style=\"font-size: 14px;background-color: #ffffff;color: #000000\" href=\"mailto:absenthasecrets@gmail.com\">ts@gmail.com<\/a><\/span><span style=\"font-size: 14px;color: var( --e-global-color-text )\"> o bien a nuestro tel\u00e9fono que figura en el sitio.<\/span><\/p>\n<p><strong>Env\u00edo<\/strong><br \/>Si por las condiciones particulares de la transacci\u00f3n el usuario debe pagar el env\u00edo el valor podr\u00e1 ser adicionado al precio de venta para ello puede contactarse al mail <span style=\"color: #000000\"><a style=\"color: #000000\" href=\"mailto:absenthasecrets@gmail.com\" target=\"_blank\" rel=\"noreferrer noopener\">absenthasecrets@gmail.com<\/a><\/span> o al tel\u00e9fono de contacto. El valor del env\u00edo estar\u00e1 relacionado con el destino, volumen y modalidad del mismo. Los tiempos de env\u00edo son estimativos y var\u00edan seg\u00fan el lugar en donde el cliente recibe el producto y a las condiciones particulares del momento en que deba despacharse.<\/p>\n<p><strong style=\"font-size: 14px;color: var( --e-global-color-text )\">Software y conectividad<\/strong><\/p>\n<p>El Usuario comprende y acepta las caracter\u00edsticas y los riesgos propios de la conexi\u00f3n y navegaci\u00f3n por Internet. Por lo tanto, el vendedor no ser\u00e1 responsable por fallas,\u00a0 interrupciones y\/o ca\u00eddas de la red y\/o de los servicios de conexi\u00f3n y\/o transmisi\u00f3n de datos, ni tampoco garantiza el acceso al sitio en forma ininterrumpida, precisa o sin errores (siempre que ello no se derive de causas que le resulten imputables) y por lo tanto, el vendedor no responder\u00e1 por los da\u00f1os que eventualmente el usuario pueda llegar a sufrir por dichas circunstancias.<br \/>El sitio usa antivirus y protecci\u00f3n contra virus, bugs, troyanos, malware, spyware y otros riesgos en Internet. Sin embargo, ello podr\u00eda no ser suficiente y no releva al usuario de la responsabilidad de contar con sus propios m\u00e9todos de protecci\u00f3n para una navegaci\u00f3n, acceso y uso seguro de sitios de Internet. El sitio utiliza el sistema de seguridad cifrado por SSL, capa de conexi\u00f3n segura, para encriptar los datos de los usuarios cargados en el mismo.<\/p>\n<p><\/p>\n<p><\/p>\n<p><strong>Aceptaci\u00f3n de los T\u00e9rminos y Condiciones<\/strong><br \/>Deber\u00e1 abstenerse de operar en el sitio toda persona que no acepte estos t\u00e9rminos y condiciones, los cuales tienen car\u00e1cter obligatorio y vinculante El vendedor podr\u00e1 modificar los t\u00e9rminos y condiciones en cualquier momento, los que deber\u00e1n ser nuevamente expresamente aceptados por el usuario para poder hacer uso del sitio.<\/p>\n<p><strong>Contacto de la Empresa<\/strong><br \/>Toda solicitud, consulta, reclamo y en general cualquier comunicaci\u00f3n al vendedor deber\u00e1 ser cursada por correo electr\u00f3nico a la siguiente direcci\u00f3n:\u00a0<a href=\"mailto:absenthasecrets@gmail.com\">absenthasecrets@gmail.com<\/a> o al tel\u00e9fono que figura en el sitio.<\/p>\n<p><strong>Ley aplicable. Jurisdicci\u00f3n<\/strong><br \/>Los T\u00e9rminos y Condiciones as\u00ed como la relaci\u00f3n entre el Usuario y el vendedor ser\u00e1n interpretados y estar\u00e1n regidos por las leyes de la Rep\u00fablica Argentina. Todo conflicto sobre su aplicaci\u00f3n e interpretaci\u00f3n queda sometido a la jurisdicci\u00f3n y competencia de los Tribunales Ordinarios en lo Comercial de la Provincia de Buenos Aires, con exclusi\u00f3n de cualquier otro fuero o jurisdicci\u00f3n que pudiera corresponder.\u00a0<\/p>\n<p><\/p>\t\t\t\t\t\t\t\t<\/div>\n\t\t\t\t<\/div>\n\t\t\t\t\t<\/div>\n\t\t<\/div>\n\t\t\t\t\t<\/div>\n\t\t<\/section>\n\t\t\t\t<\/div>\n\t\t","protected":false},"excerpt":{"rendered":"<p>\u00a1Bienvenido!Ante todo queremos decirte que estamos muy felices que est\u00e9s navegando nuestro sitio y queremos proponerte una comunicaci\u00f3n franca y fluida, nuestra intenci\u00f3n es que tu experiencia de navegaci\u00f3n y compra sea de tu agrado y que vuelvas, estamos para eso. Para ello ponemos a tu disposici\u00f3n nuestros medios de contacto: mail absenthasecrets@gmail.com whatsApp 1150552591 [&hellip;]<\/p>\n","protected":false},"author":6,"featured_media":0,"parent":0,"menu_order":0,"comment_status":"closed","ping_status":"closed","template":"","meta":{"ocean_post_layout":"","ocean_both_sidebars_style":"","ocean_both_sidebars_content_width":0,"ocean_both_sidebars_sidebars_width":0,"ocean_sidebar":"0","ocean_second_sidebar":"0","ocean_disable_margins":"enable","ocean_add_body_class":"","ocean_shortcode_before_top_bar":"","ocean_shortcode_after_top_bar":"","ocean_shortcode_before_header":"","ocean_shortcode_after_header":"","ocean_has_shortcode":"","ocean_shortcode_after_title":"","ocean_shortcode_before_footer_widgets":"","ocean_shortcode_after_footer_widgets":"","ocean_shortcode_before_footer_bottom":"","ocean_shortcode_after_footer_bottom":"","ocean_display_top_bar":"default","ocean_display_header":"default","ocean_header_style":"","ocean_center_header_left_menu":"0","ocean_custom_header_template":"0","ocean_custom_logo":0,"ocean_custom_retina_logo":0,"ocean_custom_logo_max_width":0,"ocean_custom_logo_tablet_max_width":0,"ocean_custom_logo_mobile_max_width":0,"ocean_custom_logo_max_height":0,"ocean_custom_logo_tablet_max_height":0,"ocean_custom_logo_mobile_max_height":0,"ocean_header_custom_menu":"0","ocean_menu_typo_font_family":"0","ocean_menu_typo_font_subset":"","ocean_menu_typo_font_size":0,"ocean_menu_typo_font_size_tablet":0,"ocean_menu_typo_font_size_mobile":0,"ocean_menu_typo_font_size_unit":"px","ocean_menu_typo_font_weight":"","ocean_menu_typo_font_weight_tablet":"","ocean_menu_typo_font_weight_mobile":"","ocean_menu_typo_transform":"","ocean_menu_typo_transform_tablet":"","ocean_menu_typo_transform_mobile":"","ocean_menu_typo_line_height":0,"ocean_menu_typo_line_height_tablet":0,"ocean_menu_typo_line_height_mobile":0,"ocean_menu_typo_line_height_unit":"","ocean_menu_typo_spacing":0,"ocean_menu_typo_spacing_tablet":0,"ocean_menu_typo_spacing_mobile":0,"ocean_menu_typo_spacing_unit":"","ocean_menu_link_color":"","ocean_menu_link_color_hover":"","ocean_menu_link_color_active":"","ocean_menu_link_background":"","ocean_menu_link_hover_background":"","ocean_menu_link_active_background":"","ocean_menu_social_links_bg":"","ocean_menu_social_hover_links_bg":"","ocean_menu_social_links_color":"","ocean_menu_social_hover_links_color":"","ocean_disable_title":"default","ocean_disable_heading":"default","ocean_post_title":"","ocean_post_subheading":"","ocean_post_title_style":"","ocean_post_title_background_color":"","ocean_post_title_background":0,"ocean_post_title_bg_image_position":"","ocean_post_title_bg_image_attachment":"","ocean_post_title_bg_image_repeat":"","ocean_post_title_bg_image_size":"","ocean_post_title_height":0,"ocean_post_title_bg_overlay":0.5,"ocean_post_title_bg_overlay_color":"","ocean_disable_breadcrumbs":"default","ocean_breadcrumbs_color":"","ocean_breadcrumbs_separator_color":"","ocean_breadcrumbs_links_color":"","ocean_breadcrumbs_links_hover_color":"","ocean_display_footer_widgets":"default","ocean_display_footer_bottom":"default","ocean_custom_footer_template":"0","footnotes":""},"class_list":["post-1069","page","type-page","status-publish","hentry","entry","owp-thumbs-layout-horizontal","owp-btn-normal","owp-tabs-layout-horizontal","has-no-thumbnails","has-product-nav"],"_links":{"self":[{"href":"https:\/\/absentha.com.ar\/site\/wp-json\/wp\/v2\/pages\/1069","targetHints":{"allow":["GET"]}}],"collection":[{"href":"https:\/\/absentha.com.ar\/site\/wp-json\/wp\/v2\/pages"}],"about":[{"href":"https:\/\/absentha.com.ar\/site\/wp-json\/wp\/v2\/types\/page"}],"author":[{"embeddable":true,"href":"https:\/\/absentha.com.ar\/site\/wp-json\/wp\/v2\/users\/6"}],"replies":[{"embeddable":true,"href":"https:\/\/absentha.com.ar\/site\/wp-json\/wp\/v2\/comments?post=1069"}],"version-history":[{"count":13,"href":"https:\/\/absentha.com.ar\/site\/wp-json\/wp\/v2\/pages\/1069\/revisions"}],"predecessor-version":[{"id":2968,"href":"https:\/\/absentha.com.ar\/site\/wp-json\/wp\/v2\/pages\/1069\/revisions\/2968"}],"wp:attachment":[{"href":"https:\/\/absentha.com.ar\/site\/wp-json\/wp\/v2\/media?parent=1069"}],"curies":[{"name":"wp","href":"https:\/\/api.w.org\/{rel}","templated":true}]}}