{"id":1833,"date":"2022-10-06T14:49:03","date_gmt":"2022-10-06T14:49:03","guid":{"rendered":"https:\/\/absentha.com.ar\/site\/?post_type=product&#038;p=1833"},"modified":"2026-01-29T12:18:54","modified_gmt":"2026-01-29T12:18:54","slug":"rutini-malbec-2","status":"publish","type":"product","link":"https:\/\/absentha.com.ar\/site\/producto\/rutini-malbec-2\/","title":{"rendered":"RUTINI MALBEC"},"content":{"rendered":"<p>Rojo viol\u00e1ceo, con matices azulados. En nariz, se destaca una gran complejidad arom\u00e1tica: notas de ciruelas entremezcladas con especias que recuerdan a vainilla, an\u00eds, pimienta negra. y un fondo floral que recuerda a la flor de la violeta. En boca, se reafirman los acentos frutados, sus taninos envolventes y sedosos, bien presentes pero amables, destacan su personalidad y su gran complejidad.<\/p>\n<table class=\"group Descripcion\" cellspacing=\"0\">\n<tbody>\n<tr class=\"even\">\n<th class=\"name-field Sugerencias-de-acompanamiento\">SUGERENCIAS DE ACOMPA\u00d1AMIENTO<\/th>\n<td class=\"value-field Sugerencias-de-acompanamiento\">Tabla de quesos duros, carnes vacunas: bife de chorizo acompa\u00f1ado de un pimiento reci\u00e9n asado, comidas criollas: locro, guiso de lentejas, carnes grilladas, cordero, chivito, de sobremesa junto a una tableta de chocolate amargo.<\/td>\n<\/tr>\n<\/tbody>\n<\/table>\n","protected":false},"excerpt":{"rendered":"<p>Rojo viol\u00e1ceo, con matices azulados. En nariz, se destaca una gran complejidad arom\u00e1tica: notas de ciruelas entremezcladas con especias que recuerdan a vainilla, an\u00eds, pimienta negra. y un fondo floral que recuerda a la flor de la violeta. En boca, se reafirman los acentos frutados, sus taninos envolventes y sedosos, bien presentes pero amables, destacan [&hellip;]<\/p>\n","protected":false},"featured_media":1834,"template":"","meta":{"ocean_post_layout":"","ocean_both_sidebars_style":"","ocean_both_sidebars_content_width":0,"ocean_both_sidebars_sidebars_width":0,"ocean_sidebar":"","ocean_second_sidebar":"","ocean_disable_margins":"enable","ocean_add_body_class":"","ocean_shortcode_before_top_bar":"","ocean_shortcode_after_top_bar":"","ocean_shortcode_before_header":"","ocean_shortcode_after_header":"","ocean_has_shortcode":"","ocean_shortcode_after_title":"","ocean_shortcode_before_footer_widgets":"","ocean_shortcode_after_footer_widgets":"","ocean_shortcode_before_footer_bottom":"","ocean_shortcode_after_footer_bottom":"","ocean_display_top_bar":"default","ocean_display_header":"default","ocean_header_style":"","ocean_center_header_left_menu":"","ocean_custom_header_template":"","ocean_custom_logo":0,"ocean_custom_retina_logo":0,"ocean_custom_logo_max_width":0,"ocean_custom_logo_tablet_max_width":0,"ocean_custom_logo_mobile_max_width":0,"ocean_custom_logo_max_height":0,"ocean_custom_logo_tablet_max_height":0,"ocean_custom_logo_mobile_max_height":0,"ocean_header_custom_menu":"","ocean_menu_typo_font_family":"","ocean_menu_typo_font_subset":"","ocean_menu_typo_font_size":0,"ocean_menu_typo_font_size_tablet":0,"ocean_menu_typo_font_size_mobile":0,"ocean_menu_typo_font_size_unit":"px","ocean_menu_typo_font_weight":"","ocean_menu_typo_font_weight_tablet":"","ocean_menu_typo_font_weight_mobile":"","ocean_menu_typo_transform":"","ocean_menu_typo_transform_tablet":"","ocean_menu_typo_transform_mobile":"","ocean_menu_typo_line_height":0,"ocean_menu_typo_line_height_tablet":0,"ocean_menu_typo_line_height_mobile":0,"ocean_menu_typo_line_height_unit":"","ocean_menu_typo_spacing":0,"ocean_menu_typo_spacing_tablet":0,"ocean_menu_typo_spacing_mobile":0,"ocean_menu_typo_spacing_unit":"","ocean_menu_link_color":"","ocean_menu_link_color_hover":"","ocean_menu_link_color_active":"","ocean_menu_link_background":"","ocean_menu_link_hover_background":"","ocean_menu_link_active_background":"","ocean_menu_social_links_bg":"","ocean_menu_social_hover_links_bg":"","ocean_menu_social_links_color":"","ocean_menu_social_hover_links_color":"","ocean_disable_title":"default","ocean_disable_heading":"default","ocean_post_title":"","ocean_post_subheading":"","ocean_post_title_style":"","ocean_post_title_background_color":"","ocean_post_title_background":0,"ocean_post_title_bg_image_position":"","ocean_post_title_bg_image_attachment":"","ocean_post_title_bg_image_repeat":"","ocean_post_title_bg_image_size":"","ocean_post_title_height":0,"ocean_post_title_bg_overlay":0.5,"ocean_post_title_bg_overlay_color":"","ocean_disable_breadcrumbs":"default","ocean_breadcrumbs_color":"","ocean_breadcrumbs_separator_color":"","ocean_breadcrumbs_links_color":"","ocean_breadcrumbs_links_hover_color":"","ocean_display_footer_widgets":"default","ocean_display_footer_bottom":"default","ocean_custom_footer_template":""},"pwb-brand":[],"product_brand":[],"product_cat":[58,69],"product_tag":[],"class_list":{"0":"post-1833","1":"product","2":"type-product","3":"status-publish","4":"has-post-thumbnail","6":"product_cat-tinto","7":"product_cat-vinos","9":"entry","10":"has-media","12":"first","13":"instock","14":"shipping-taxable","15":"purchasable","16":"product-type-simple","17":"has-product-nav","18":"col","19":"span_1_of_5","20":"owp-content-center","21":"owp-thumbs-layout-horizontal","22":"owp-btn-normal","23":"owp-tabs-layout-horizontal","24":"has-no-thumbnails"},"brands":[],"_links":{"self":[{"href":"https:\/\/absentha.com.ar\/site\/wp-json\/wp\/v2\/product\/1833","targetHints":{"allow":["GET"]}}],"collection":[{"href":"https:\/\/absentha.com.ar\/site\/wp-json\/wp\/v2\/product"}],"about":[{"href":"https:\/\/absentha.com.ar\/site\/wp-json\/wp\/v2\/types\/product"}],"wp:featuredmedia":[{"embeddable":true,"href":"https:\/\/absentha.com.ar\/site\/wp-json\/wp\/v2\/media\/1834"}],"wp:attachment":[{"href":"https:\/\/absentha.com.ar\/site\/wp-json\/wp\/v2\/media?parent=1833"}],"wp:term":[{"taxonomy":"pwb-brand","embeddable":true,"href":"https:\/\/absentha.com.ar\/site\/wp-json\/wp\/v2\/pwb-brand?post=1833"},{"taxonomy":"product_brand","embeddable":true,"href":"https:\/\/absentha.com.ar\/site\/wp-json\/wp\/v2\/product_brand?post=1833"},{"taxonomy":"product_cat","embeddable":true,"href":"https:\/\/absentha.com.ar\/site\/wp-json\/wp\/v2\/product_cat?post=1833"},{"taxonomy":"product_tag","embeddable":true,"href":"https:\/\/absentha.com.ar\/site\/wp-json\/wp\/v2\/product_tag?post=1833"}],"curies":[{"name":"wp","href":"https:\/\/api.w.org\/{rel}","templated":true}]}}