{"id":28,"date":"2022-07-07T05:59:51","date_gmt":"2022-07-07T05:59:51","guid":{"rendered":"https:\/\/absentha.com.ar\/site\/producto\/bombay-bramble-700cc\/"},"modified":"2026-03-29T20:49:33","modified_gmt":"2026-03-29T20:49:33","slug":"bombay-bramble-700cc","status":"publish","type":"product","link":"https:\/\/absentha.com.ar\/site\/producto\/bombay-bramble-700cc\/","title":{"rendered":"BOMBAY BRAMBLE"},"content":{"rendered":"<p>Sus ingredientes 100% naturales, propios de las frutas reci\u00e9n cosechadas y el exclusivo proceso de infusi\u00f3n al vapor que caracteriza a la marca, son los principales factores que la distinguen, permitiendo extraer delicadamente el aroma de cada uno de sus ingredientes bot\u00e1nicos: bayas de enebro, semillas de cilantro, piel de lim\u00f3n Amarillo, angelica, corteza de cassia, iris, regaliz y almendras.<\/p>\n<p>Bombay no descuida un solo detalle en la creaci\u00f3n de su destilado, desde el origen de sus bot\u00e1nicos dentro del destilado base por su Maestro botanista Ivano Tonutti, hasta la rica infusi\u00f3n de frutas que captura el verdadero sabor de las zarzamoras y frambuesas reci\u00e9n cosechadas.<\/p>\n<p>Las notas de cata en nariz denotan una fuerte presencia de frutos rojos del verano, complementada con aromas afrutados del enebro y especias verdes. En paladar: predominan el enebro y c\u00edtricos, con un redondeado sabor de frutos rojos arom\u00e1ticos y lo especiado del regaliz. El final es suave y seco, guiado por notas de pino y regaliz. Aunque en nariz y boca predominan las notas de pino y ang\u00e9lica, una esencia de zarzamoras y frambuesas permanece en la lengua despu\u00e9s de que el destilado se ha ido.<\/p>\n","protected":false},"excerpt":{"rendered":"<p>Capacidad 700cc<\/p>\n<p>Origen Inglaterra<\/p>\n","protected":false},"featured_media":1315,"template":"","meta":{"ocean_post_layout":"","ocean_both_sidebars_style":"","ocean_both_sidebars_content_width":0,"ocean_both_sidebars_sidebars_width":0,"ocean_sidebar":"","ocean_second_sidebar":"","ocean_disable_margins":"enable","ocean_add_body_class":"","ocean_shortcode_before_top_bar":"","ocean_shortcode_after_top_bar":"","ocean_shortcode_before_header":"","ocean_shortcode_after_header":"","ocean_has_shortcode":"","ocean_shortcode_after_title":"","ocean_shortcode_before_footer_widgets":"","ocean_shortcode_after_footer_widgets":"","ocean_shortcode_before_footer_bottom":"","ocean_shortcode_after_footer_bottom":"","ocean_display_top_bar":"default","ocean_display_header":"default","ocean_header_style":"","ocean_center_header_left_menu":"","ocean_custom_header_template":"","ocean_custom_logo":0,"ocean_custom_retina_logo":0,"ocean_custom_logo_max_width":0,"ocean_custom_logo_tablet_max_width":0,"ocean_custom_logo_mobile_max_width":0,"ocean_custom_logo_max_height":0,"ocean_custom_logo_tablet_max_height":0,"ocean_custom_logo_mobile_max_height":0,"ocean_header_custom_menu":"","ocean_menu_typo_font_family":"","ocean_menu_typo_font_subset":"","ocean_menu_typo_font_size":0,"ocean_menu_typo_font_size_tablet":0,"ocean_menu_typo_font_size_mobile":0,"ocean_menu_typo_font_size_unit":"px","ocean_menu_typo_font_weight":"","ocean_menu_typo_font_weight_tablet":"","ocean_menu_typo_font_weight_mobile":"","ocean_menu_typo_transform":"","ocean_menu_typo_transform_tablet":"","ocean_menu_typo_transform_mobile":"","ocean_menu_typo_line_height":0,"ocean_menu_typo_line_height_tablet":0,"ocean_menu_typo_line_height_mobile":0,"ocean_menu_typo_line_height_unit":"","ocean_menu_typo_spacing":0,"ocean_menu_typo_spacing_tablet":0,"ocean_menu_typo_spacing_mobile":0,"ocean_menu_typo_spacing_unit":"","ocean_menu_link_color":"","ocean_menu_link_color_hover":"","ocean_menu_link_color_active":"","ocean_menu_link_background":"","ocean_menu_link_hover_background":"","ocean_menu_link_active_background":"","ocean_menu_social_links_bg":"","ocean_menu_social_hover_links_bg":"","ocean_menu_social_links_color":"","ocean_menu_social_hover_links_color":"","ocean_disable_title":"default","ocean_disable_heading":"default","ocean_post_title":"","ocean_post_subheading":"","ocean_post_title_style":"","ocean_post_title_background_color":"","ocean_post_title_background":0,"ocean_post_title_bg_image_position":"","ocean_post_title_bg_image_attachment":"","ocean_post_title_bg_image_repeat":"","ocean_post_title_bg_image_size":"","ocean_post_title_height":0,"ocean_post_title_bg_overlay":0.5,"ocean_post_title_bg_overlay_color":"","ocean_disable_breadcrumbs":"default","ocean_breadcrumbs_color":"","ocean_breadcrumbs_separator_color":"","ocean_breadcrumbs_links_color":"","ocean_breadcrumbs_links_hover_color":"","ocean_display_footer_widgets":"default","ocean_display_footer_bottom":"default","ocean_custom_footer_template":""},"pwb-brand":[],"product_brand":[],"product_cat":[16,71],"product_tag":[143,144,17],"class_list":{"0":"post-28","1":"product","2":"type-product","3":"status-publish","4":"has-post-thumbnail","6":"product_cat-gin","7":"product_cat-gin-ron-tequila-absenta","8":"product_tag-bombay","9":"product_tag-bramble","10":"product_tag-gin","12":"entry","13":"has-media","15":"first","16":"instock","17":"shipping-taxable","18":"purchasable","19":"product-type-simple","20":"has-product-nav","21":"col","22":"span_1_of_5","23":"owp-content-center","24":"owp-thumbs-layout-horizontal","25":"owp-btn-normal","26":"owp-tabs-layout-horizontal","27":"has-no-thumbnails"},"brands":[],"_links":{"self":[{"href":"https:\/\/absentha.com.ar\/site\/wp-json\/wp\/v2\/product\/28","targetHints":{"allow":["GET"]}}],"collection":[{"href":"https:\/\/absentha.com.ar\/site\/wp-json\/wp\/v2\/product"}],"about":[{"href":"https:\/\/absentha.com.ar\/site\/wp-json\/wp\/v2\/types\/product"}],"wp:featuredmedia":[{"embeddable":true,"href":"https:\/\/absentha.com.ar\/site\/wp-json\/wp\/v2\/media\/1315"}],"wp:attachment":[{"href":"https:\/\/absentha.com.ar\/site\/wp-json\/wp\/v2\/media?parent=28"}],"wp:term":[{"taxonomy":"pwb-brand","embeddable":true,"href":"https:\/\/absentha.com.ar\/site\/wp-json\/wp\/v2\/pwb-brand?post=28"},{"taxonomy":"product_brand","embeddable":true,"href":"https:\/\/absentha.com.ar\/site\/wp-json\/wp\/v2\/product_brand?post=28"},{"taxonomy":"product_cat","embeddable":true,"href":"https:\/\/absentha.com.ar\/site\/wp-json\/wp\/v2\/product_cat?post=28"},{"taxonomy":"product_tag","embeddable":true,"href":"https:\/\/absentha.com.ar\/site\/wp-json\/wp\/v2\/product_tag?post=28"}],"curies":[{"name":"wp","href":"https:\/\/api.w.org\/{rel}","templated":true}]}}