{"id":3746,"date":"2025-10-19T01:31:52","date_gmt":"2025-10-19T01:31:52","guid":{"rendered":"https:\/\/absentha.com.ar\/site\/?post_type=product&#038;p=3746"},"modified":"2025-10-19T01:40:05","modified_gmt":"2025-10-19T01:40:05","slug":"texas-whiskey","status":"publish","type":"product","link":"https:\/\/absentha.com.ar\/site\/producto\/texas-whiskey\/","title":{"rendered":"TEXAS WHISKEY"},"content":{"rendered":"<h5 style=\"font-weight: 500;\">Notas de cata:<\/h5>\n<h5 style=\"font-weight: 500;\">Color: \u00e1mbar y cobrizo intenso<\/h5>\n<h5 style=\"font-weight: 500;\">Aroma: suave aroma floral, dulce de miel de maple<\/h5>\n<h5 style=\"font-weight: 500;\">Paladar: destaca su cremosidad y dulzor con un toque sutil de canela, nuez y pimienta, caramelo, final suave y c\u00e1lido<\/h5>\n<h5 style=\"font-weight: 500;\">Cada ingrediente es 100% texano. Estos granos provienen exclusivamente de un dedicado agricultor de Texas de cuarta generaci\u00f3n en el condado de Hill, a solo 60 millas de nuestra destiler\u00eda. En TX, nuestra asociaci\u00f3n con Sawyer Farms no solo garantiza granos que han prosperado en el robusto clima de Texas, sino que tambi\u00e9n respalda la innovaci\u00f3n en el cultivo de nuevas variedades de granos para mejorar el sabor.<\/h5>\n","protected":false},"excerpt":{"rendered":"<p>Notas de cata: Color: \u00e1mbar y cobrizo intenso Aroma: suave aroma floral, dulce de miel de maple Paladar: destaca su cremosidad y dulzor con un toque sutil de canela, nuez y pimienta, caramelo, final suave y c\u00e1lido Cada ingrediente es 100% texano. Estos granos provienen exclusivamente de un dedicado agricultor de Texas de cuarta generaci\u00f3n [&hellip;]<\/p>\n","protected":false},"featured_media":3748,"template":"","meta":{"ocean_post_layout":"","ocean_both_sidebars_style":"","ocean_both_sidebars_content_width":0,"ocean_both_sidebars_sidebars_width":0,"ocean_sidebar":"0","ocean_second_sidebar":"0","ocean_disable_margins":"enable","ocean_add_body_class":"","ocean_shortcode_before_top_bar":"","ocean_shortcode_after_top_bar":"","ocean_shortcode_before_header":"","ocean_shortcode_after_header":"","ocean_has_shortcode":"","ocean_shortcode_after_title":"","ocean_shortcode_before_footer_widgets":"","ocean_shortcode_after_footer_widgets":"","ocean_shortcode_before_footer_bottom":"","ocean_shortcode_after_footer_bottom":"","ocean_display_top_bar":"default","ocean_display_header":"default","ocean_header_style":"","ocean_center_header_left_menu":"0","ocean_custom_header_template":"0","ocean_custom_logo":0,"ocean_custom_retina_logo":0,"ocean_custom_logo_max_width":0,"ocean_custom_logo_tablet_max_width":0,"ocean_custom_logo_mobile_max_width":0,"ocean_custom_logo_max_height":0,"ocean_custom_logo_tablet_max_height":0,"ocean_custom_logo_mobile_max_height":0,"ocean_header_custom_menu":"0","ocean_menu_typo_font_family":"0","ocean_menu_typo_font_subset":"","ocean_menu_typo_font_size":0,"ocean_menu_typo_font_size_tablet":0,"ocean_menu_typo_font_size_mobile":0,"ocean_menu_typo_font_size_unit":"px","ocean_menu_typo_font_weight":"","ocean_menu_typo_font_weight_tablet":"","ocean_menu_typo_font_weight_mobile":"","ocean_menu_typo_transform":"","ocean_menu_typo_transform_tablet":"","ocean_menu_typo_transform_mobile":"","ocean_menu_typo_line_height":0,"ocean_menu_typo_line_height_tablet":0,"ocean_menu_typo_line_height_mobile":0,"ocean_menu_typo_line_height_unit":"","ocean_menu_typo_spacing":0,"ocean_menu_typo_spacing_tablet":0,"ocean_menu_typo_spacing_mobile":0,"ocean_menu_typo_spacing_unit":"","ocean_menu_link_color":"","ocean_menu_link_color_hover":"","ocean_menu_link_color_active":"","ocean_menu_link_background":"","ocean_menu_link_hover_background":"","ocean_menu_link_active_background":"","ocean_menu_social_links_bg":"","ocean_menu_social_hover_links_bg":"","ocean_menu_social_links_color":"","ocean_menu_social_hover_links_color":"","ocean_disable_title":"default","ocean_disable_heading":"default","ocean_post_title":"","ocean_post_subheading":"","ocean_post_title_style":"","ocean_post_title_background_color":"","ocean_post_title_background":0,"ocean_post_title_bg_image_position":"","ocean_post_title_bg_image_attachment":"","ocean_post_title_bg_image_repeat":"","ocean_post_title_bg_image_size":"","ocean_post_title_height":0,"ocean_post_title_bg_overlay":0.5,"ocean_post_title_bg_overlay_color":"","ocean_disable_breadcrumbs":"default","ocean_breadcrumbs_color":"","ocean_breadcrumbs_separator_color":"","ocean_breadcrumbs_links_color":"","ocean_breadcrumbs_links_hover_color":"","ocean_display_footer_widgets":"default","ocean_display_footer_bottom":"default","ocean_custom_footer_template":"0"},"pwb-brand":[],"product_brand":[],"product_cat":[77,35,32,70],"product_tag":[116,31],"class_list":{"0":"post-3746","1":"product","2":"type-product","3":"status-publish","4":"has-post-thumbnail","6":"product_cat-regaleria-cocteleria-mixers","7":"product_cat-regalos","8":"product_cat-whiskey-americano","9":"product_cat-whisky","10":"product_tag-americano","11":"product_tag-whisky","13":"entry","14":"has-media","16":"first","17":"instock","18":"shipping-taxable","19":"purchasable","20":"product-type-simple","21":"has-product-nav","22":"col","23":"span_1_of_5","24":"owp-content-center","25":"owp-thumbs-layout-horizontal","26":"owp-btn-normal","27":"owp-tabs-layout-horizontal","28":"has-no-thumbnails"},"brands":[],"_links":{"self":[{"href":"https:\/\/absentha.com.ar\/site\/wp-json\/wp\/v2\/product\/3746","targetHints":{"allow":["GET"]}}],"collection":[{"href":"https:\/\/absentha.com.ar\/site\/wp-json\/wp\/v2\/product"}],"about":[{"href":"https:\/\/absentha.com.ar\/site\/wp-json\/wp\/v2\/types\/product"}],"wp:featuredmedia":[{"embeddable":true,"href":"https:\/\/absentha.com.ar\/site\/wp-json\/wp\/v2\/media\/3748"}],"wp:attachment":[{"href":"https:\/\/absentha.com.ar\/site\/wp-json\/wp\/v2\/media?parent=3746"}],"wp:term":[{"taxonomy":"pwb-brand","embeddable":true,"href":"https:\/\/absentha.com.ar\/site\/wp-json\/wp\/v2\/pwb-brand?post=3746"},{"taxonomy":"product_brand","embeddable":true,"href":"https:\/\/absentha.com.ar\/site\/wp-json\/wp\/v2\/product_brand?post=3746"},{"taxonomy":"product_cat","embeddable":true,"href":"https:\/\/absentha.com.ar\/site\/wp-json\/wp\/v2\/product_cat?post=3746"},{"taxonomy":"product_tag","embeddable":true,"href":"https:\/\/absentha.com.ar\/site\/wp-json\/wp\/v2\/product_tag?post=3746"}],"curies":[{"name":"wp","href":"https:\/\/api.w.org\/{rel}","templated":true}]}}