{"id":3754,"date":"2025-10-19T02:04:21","date_gmt":"2025-10-19T02:04:21","guid":{"rendered":"https:\/\/absentha.com.ar\/site\/?post_type=product&#038;p=3754"},"modified":"2026-01-29T11:52:14","modified_gmt":"2026-01-29T11:52:14","slug":"chivas-xx-ultis-700cc","status":"publish","type":"product","link":"https:\/\/absentha.com.ar\/site\/producto\/chivas-xx-ultis-700cc\/","title":{"rendered":"CHIVAS XX ULTIS 700cc + KIT DE COCTELERIA"},"content":{"rendered":"<p>Chivas Ultis XX es el m\u00e1ximo lujo. Todas las botellas contienen una exclusiva mezcla de nuestros whiskies de malta m\u00e1s raros y valiosos, emparejados con nuestro insigne whisky de grano.<\/p>\n<p style=\"text-align: left;\">Este whisky no solo se cre\u00f3 con cinco whiskies escoceses de malta mezclados, sino que el maestro mezclador Sany Hyslop elabor\u00f3 este whisky en honor a sus cinco predecesores, quienes desempe\u00f1aron papeles fundamentales en la historia de Chivas. La importancia de este n\u00famero se puede observar en los cinco aros de cobre que aparecen en el cuello de la botella.<\/p>\n<p>&nbsp;<\/p>\n","protected":false},"excerpt":{"rendered":"<p>Chivas Ultis XX es el m\u00e1ximo lujo. Todas las botellas contienen una exclusiva mezcla de nuestros whiskies de malta m\u00e1s raros y valiosos, emparejados con nuestro insigne whisky de grano. Este whisky no solo se cre\u00f3 con cinco whiskies escoceses de malta mezclados, sino que el maestro mezclador Sany Hyslop elabor\u00f3 este whisky en honor [&hellip;]<\/p>\n","protected":false},"featured_media":3755,"template":"","meta":{"ocean_post_layout":"","ocean_both_sidebars_style":"","ocean_both_sidebars_content_width":0,"ocean_both_sidebars_sidebars_width":0,"ocean_sidebar":"0","ocean_second_sidebar":"0","ocean_disable_margins":"enable","ocean_add_body_class":"","ocean_shortcode_before_top_bar":"","ocean_shortcode_after_top_bar":"","ocean_shortcode_before_header":"","ocean_shortcode_after_header":"","ocean_has_shortcode":"","ocean_shortcode_after_title":"","ocean_shortcode_before_footer_widgets":"","ocean_shortcode_after_footer_widgets":"","ocean_shortcode_before_footer_bottom":"","ocean_shortcode_after_footer_bottom":"","ocean_display_top_bar":"default","ocean_display_header":"default","ocean_header_style":"","ocean_center_header_left_menu":"0","ocean_custom_header_template":"0","ocean_custom_logo":0,"ocean_custom_retina_logo":0,"ocean_custom_logo_max_width":0,"ocean_custom_logo_tablet_max_width":0,"ocean_custom_logo_mobile_max_width":0,"ocean_custom_logo_max_height":0,"ocean_custom_logo_tablet_max_height":0,"ocean_custom_logo_mobile_max_height":0,"ocean_header_custom_menu":"0","ocean_menu_typo_font_family":"0","ocean_menu_typo_font_subset":"","ocean_menu_typo_font_size":0,"ocean_menu_typo_font_size_tablet":0,"ocean_menu_typo_font_size_mobile":0,"ocean_menu_typo_font_size_unit":"px","ocean_menu_typo_font_weight":"","ocean_menu_typo_font_weight_tablet":"","ocean_menu_typo_font_weight_mobile":"","ocean_menu_typo_transform":"","ocean_menu_typo_transform_tablet":"","ocean_menu_typo_transform_mobile":"","ocean_menu_typo_line_height":0,"ocean_menu_typo_line_height_tablet":0,"ocean_menu_typo_line_height_mobile":0,"ocean_menu_typo_line_height_unit":"","ocean_menu_typo_spacing":0,"ocean_menu_typo_spacing_tablet":0,"ocean_menu_typo_spacing_mobile":0,"ocean_menu_typo_spacing_unit":"","ocean_menu_link_color":"","ocean_menu_link_color_hover":"","ocean_menu_link_color_active":"","ocean_menu_link_background":"","ocean_menu_link_hover_background":"","ocean_menu_link_active_background":"","ocean_menu_social_links_bg":"","ocean_menu_social_hover_links_bg":"","ocean_menu_social_links_color":"","ocean_menu_social_hover_links_color":"","ocean_disable_title":"default","ocean_disable_heading":"default","ocean_post_title":"","ocean_post_subheading":"","ocean_post_title_style":"","ocean_post_title_background_color":"","ocean_post_title_background":0,"ocean_post_title_bg_image_position":"","ocean_post_title_bg_image_attachment":"","ocean_post_title_bg_image_repeat":"","ocean_post_title_bg_image_size":"","ocean_post_title_height":0,"ocean_post_title_bg_overlay":0.5,"ocean_post_title_bg_overlay_color":"","ocean_disable_breadcrumbs":"default","ocean_breadcrumbs_color":"","ocean_breadcrumbs_separator_color":"","ocean_breadcrumbs_links_color":"","ocean_breadcrumbs_links_hover_color":"","ocean_display_footer_widgets":"default","ocean_display_footer_bottom":"default","ocean_custom_footer_template":"0"},"pwb-brand":[],"product_brand":[],"product_cat":[37,77,70,34],"product_tag":[117,31],"class_list":{"0":"post-3754","1":"product","2":"type-product","3":"status-publish","4":"has-post-thumbnail","6":"product_cat-cristaleria-y-cocteleria","7":"product_cat-regaleria-cocteleria-mixers","8":"product_cat-whisky","9":"product_cat-whisky-blend","10":"product_tag-blend","11":"product_tag-whisky","13":"entry","14":"has-media","16":"first","17":"instock","18":"shipping-taxable","19":"purchasable","20":"product-type-simple","21":"has-product-nav","22":"col","23":"span_1_of_5","24":"owp-content-center","25":"owp-thumbs-layout-horizontal","26":"owp-btn-normal","27":"owp-tabs-layout-horizontal"},"brands":[],"_links":{"self":[{"href":"https:\/\/absentha.com.ar\/site\/wp-json\/wp\/v2\/product\/3754","targetHints":{"allow":["GET"]}}],"collection":[{"href":"https:\/\/absentha.com.ar\/site\/wp-json\/wp\/v2\/product"}],"about":[{"href":"https:\/\/absentha.com.ar\/site\/wp-json\/wp\/v2\/types\/product"}],"wp:featuredmedia":[{"embeddable":true,"href":"https:\/\/absentha.com.ar\/site\/wp-json\/wp\/v2\/media\/3755"}],"wp:attachment":[{"href":"https:\/\/absentha.com.ar\/site\/wp-json\/wp\/v2\/media?parent=3754"}],"wp:term":[{"taxonomy":"pwb-brand","embeddable":true,"href":"https:\/\/absentha.com.ar\/site\/wp-json\/wp\/v2\/pwb-brand?post=3754"},{"taxonomy":"product_brand","embeddable":true,"href":"https:\/\/absentha.com.ar\/site\/wp-json\/wp\/v2\/product_brand?post=3754"},{"taxonomy":"product_cat","embeddable":true,"href":"https:\/\/absentha.com.ar\/site\/wp-json\/wp\/v2\/product_cat?post=3754"},{"taxonomy":"product_tag","embeddable":true,"href":"https:\/\/absentha.com.ar\/site\/wp-json\/wp\/v2\/product_tag?post=3754"}],"curies":[{"name":"wp","href":"https:\/\/api.w.org\/{rel}","templated":true}]}}