{"id":48,"date":"2022-07-07T05:59:55","date_gmt":"2022-07-07T05:59:55","guid":{"rendered":"https:\/\/absentha.com.ar\/site\/producto\/tanqueray-750-cc\/"},"modified":"2026-01-29T12:58:27","modified_gmt":"2026-01-29T12:58:27","slug":"tanqueray-750-cc","status":"publish","type":"product","link":"https:\/\/absentha.com.ar\/site\/producto\/tanqueray-750-cc\/","title":{"rendered":"TANQUERAY LONDON DRY GIN"},"content":{"rendered":"<p>La historia de Tanqueray se remonta a la Inglaterra de 1830. Concretamente al distrito londinense de Blomsbury de la mano de Charles Tanqueray. Primeramente la destiler\u00eda comenz\u00f3 a producir Gin Tanqueray en 1830 el cual se vend\u00eda en una peque\u00f1a tienda. Actualmente la destiler\u00eda se encuentra en Escocia y a\u00fan conserva algunas peque\u00f1as partes de la original. Las cuales sobrevivieron a bombardeos de la segunda guerra mundial.<\/p>\n<p>Destaca de la selecci\u00f3n de ingredientes bot\u00e1nicos dos cosas, en primer lugar la ausencia de ingredientes c\u00edtricos y un peque\u00f1o n\u00famero de bot\u00e1nicos: solamente cuatro: enebro, semillas de cilantro, regaliz y ra\u00edz de ang\u00e9lica. De esto podemos inferir que Tanqueray es un Gin cl\u00e1sico, bastante neutro especial para crear cocteles y gin tonics saborizados a tu gusto, pues no encontraras sabores que interfieran con el que vos queres darle.<\/p>\n","protected":false},"excerpt":{"rendered":"<p>Capacidad 700cc<\/p>\n<p>Origen Escocia<\/p>\n","protected":false},"featured_media":2795,"template":"","meta":{"ocean_post_layout":"","ocean_both_sidebars_style":"","ocean_both_sidebars_content_width":0,"ocean_both_sidebars_sidebars_width":0,"ocean_sidebar":"","ocean_second_sidebar":"","ocean_disable_margins":"enable","ocean_add_body_class":"","ocean_shortcode_before_top_bar":"","ocean_shortcode_after_top_bar":"","ocean_shortcode_before_header":"","ocean_shortcode_after_header":"","ocean_has_shortcode":"","ocean_shortcode_after_title":"","ocean_shortcode_before_footer_widgets":"","ocean_shortcode_after_footer_widgets":"","ocean_shortcode_before_footer_bottom":"","ocean_shortcode_after_footer_bottom":"","ocean_display_top_bar":"default","ocean_display_header":"default","ocean_header_style":"","ocean_center_header_left_menu":"","ocean_custom_header_template":"","ocean_custom_logo":0,"ocean_custom_retina_logo":0,"ocean_custom_logo_max_width":0,"ocean_custom_logo_tablet_max_width":0,"ocean_custom_logo_mobile_max_width":0,"ocean_custom_logo_max_height":0,"ocean_custom_logo_tablet_max_height":0,"ocean_custom_logo_mobile_max_height":0,"ocean_header_custom_menu":"","ocean_menu_typo_font_family":"","ocean_menu_typo_font_subset":"","ocean_menu_typo_font_size":0,"ocean_menu_typo_font_size_tablet":0,"ocean_menu_typo_font_size_mobile":0,"ocean_menu_typo_font_size_unit":"px","ocean_menu_typo_font_weight":"","ocean_menu_typo_font_weight_tablet":"","ocean_menu_typo_font_weight_mobile":"","ocean_menu_typo_transform":"","ocean_menu_typo_transform_tablet":"","ocean_menu_typo_transform_mobile":"","ocean_menu_typo_line_height":0,"ocean_menu_typo_line_height_tablet":0,"ocean_menu_typo_line_height_mobile":0,"ocean_menu_typo_line_height_unit":"","ocean_menu_typo_spacing":0,"ocean_menu_typo_spacing_tablet":0,"ocean_menu_typo_spacing_mobile":0,"ocean_menu_typo_spacing_unit":"","ocean_menu_link_color":"","ocean_menu_link_color_hover":"","ocean_menu_link_color_active":"","ocean_menu_link_background":"","ocean_menu_link_hover_background":"","ocean_menu_link_active_background":"","ocean_menu_social_links_bg":"","ocean_menu_social_hover_links_bg":"","ocean_menu_social_links_color":"","ocean_menu_social_hover_links_color":"","ocean_disable_title":"default","ocean_disable_heading":"default","ocean_post_title":"","ocean_post_subheading":"","ocean_post_title_style":"","ocean_post_title_background_color":"","ocean_post_title_background":0,"ocean_post_title_bg_image_position":"","ocean_post_title_bg_image_attachment":"","ocean_post_title_bg_image_repeat":"","ocean_post_title_bg_image_size":"","ocean_post_title_height":0,"ocean_post_title_bg_overlay":0.5,"ocean_post_title_bg_overlay_color":"","ocean_disable_breadcrumbs":"default","ocean_breadcrumbs_color":"","ocean_breadcrumbs_separator_color":"","ocean_breadcrumbs_links_color":"","ocean_breadcrumbs_links_hover_color":"","ocean_display_footer_widgets":"default","ocean_display_footer_bottom":"default","ocean_custom_footer_template":""},"pwb-brand":[],"product_brand":[],"product_cat":[16,71],"product_tag":[17,136],"class_list":{"0":"post-48","1":"product","2":"type-product","3":"status-publish","4":"has-post-thumbnail","6":"product_cat-gin","7":"product_cat-gin-ron-tequila-absenta","8":"product_tag-gin","9":"product_tag-tanqueray","11":"entry","12":"has-media","14":"first","15":"instock","16":"shipping-taxable","17":"purchasable","18":"product-type-simple","19":"has-product-nav","20":"col","21":"span_1_of_5","22":"owp-content-center","23":"owp-thumbs-layout-horizontal","24":"owp-btn-normal","25":"owp-tabs-layout-horizontal","26":"has-no-thumbnails"},"brands":[],"_links":{"self":[{"href":"https:\/\/absentha.com.ar\/site\/wp-json\/wp\/v2\/product\/48","targetHints":{"allow":["GET"]}}],"collection":[{"href":"https:\/\/absentha.com.ar\/site\/wp-json\/wp\/v2\/product"}],"about":[{"href":"https:\/\/absentha.com.ar\/site\/wp-json\/wp\/v2\/types\/product"}],"wp:featuredmedia":[{"embeddable":true,"href":"https:\/\/absentha.com.ar\/site\/wp-json\/wp\/v2\/media\/2795"}],"wp:attachment":[{"href":"https:\/\/absentha.com.ar\/site\/wp-json\/wp\/v2\/media?parent=48"}],"wp:term":[{"taxonomy":"pwb-brand","embeddable":true,"href":"https:\/\/absentha.com.ar\/site\/wp-json\/wp\/v2\/pwb-brand?post=48"},{"taxonomy":"product_brand","embeddable":true,"href":"https:\/\/absentha.com.ar\/site\/wp-json\/wp\/v2\/product_brand?post=48"},{"taxonomy":"product_cat","embeddable":true,"href":"https:\/\/absentha.com.ar\/site\/wp-json\/wp\/v2\/product_cat?post=48"},{"taxonomy":"product_tag","embeddable":true,"href":"https:\/\/absentha.com.ar\/site\/wp-json\/wp\/v2\/product_tag?post=48"}],"curies":[{"name":"wp","href":"https:\/\/api.w.org\/{rel}","templated":true}]}}