{"id":62,"date":"2022-07-07T06:00:06","date_gmt":"2022-07-07T06:00:06","guid":{"rendered":"https:\/\/absentha.com.ar\/site\/producto\/havana-club-seleccion-de-los-maestros\/"},"modified":"2026-01-29T12:56:54","modified_gmt":"2026-01-29T12:56:54","slug":"havana-club-seleccion-de-los-maestros","status":"publish","type":"product","link":"https:\/\/absentha.com.ar\/site\/producto\/havana-club-seleccion-de-los-maestros\/","title":{"rendered":"HAVANA CLUB SELECCI\u00d3N DE LOS MAESTROS"},"content":{"rendered":"<p>Roble ahumado y especias, suave al paladar, agradable y arom\u00e1tico, te embauca en un viaje ex\u00f3tico por un mundo de sabores. Havana Club Seleccio\u0301n de Maestros se reconoce por su color \u00e1mbar c\u00e1lido y un brillo rojizo profundo. En la nariz, las nueces pecanas tostadas y las especias resaltan el a\u00f1ejado en madera. En el paladar, se percibe una sensaci\u00f3n suave en boca que va hacia un sabor fuerte, complejo e intenso de cacao, caf\u00e9, tabaco dulce y especias tostadas. La experiencia gustativa queda notablemente equilibrada con un final especiado y de roble ahumado agradable combinado con frutas confitadas.<\/p>\n","protected":false},"excerpt":{"rendered":"<p>Capacidad 700cc<\/p>\n<p>Origen Cuba<\/p>\n","protected":false},"featured_media":2754,"template":"","meta":{"ocean_post_layout":"","ocean_both_sidebars_style":"","ocean_both_sidebars_content_width":0,"ocean_both_sidebars_sidebars_width":0,"ocean_sidebar":"","ocean_second_sidebar":"","ocean_disable_margins":"enable","ocean_add_body_class":"","ocean_shortcode_before_top_bar":"","ocean_shortcode_after_top_bar":"","ocean_shortcode_before_header":"","ocean_shortcode_after_header":"","ocean_has_shortcode":"","ocean_shortcode_after_title":"","ocean_shortcode_before_footer_widgets":"","ocean_shortcode_after_footer_widgets":"","ocean_shortcode_before_footer_bottom":"","ocean_shortcode_after_footer_bottom":"","ocean_display_top_bar":"default","ocean_display_header":"default","ocean_header_style":"","ocean_center_header_left_menu":"","ocean_custom_header_template":"","ocean_custom_logo":0,"ocean_custom_retina_logo":0,"ocean_custom_logo_max_width":0,"ocean_custom_logo_tablet_max_width":0,"ocean_custom_logo_mobile_max_width":0,"ocean_custom_logo_max_height":0,"ocean_custom_logo_tablet_max_height":0,"ocean_custom_logo_mobile_max_height":0,"ocean_header_custom_menu":"","ocean_menu_typo_font_family":"","ocean_menu_typo_font_subset":"","ocean_menu_typo_font_size":0,"ocean_menu_typo_font_size_tablet":0,"ocean_menu_typo_font_size_mobile":0,"ocean_menu_typo_font_size_unit":"px","ocean_menu_typo_font_weight":"","ocean_menu_typo_font_weight_tablet":"","ocean_menu_typo_font_weight_mobile":"","ocean_menu_typo_transform":"","ocean_menu_typo_transform_tablet":"","ocean_menu_typo_transform_mobile":"","ocean_menu_typo_line_height":0,"ocean_menu_typo_line_height_tablet":0,"ocean_menu_typo_line_height_mobile":0,"ocean_menu_typo_line_height_unit":"","ocean_menu_typo_spacing":0,"ocean_menu_typo_spacing_tablet":0,"ocean_menu_typo_spacing_mobile":0,"ocean_menu_typo_spacing_unit":"","ocean_menu_link_color":"","ocean_menu_link_color_hover":"","ocean_menu_link_color_active":"","ocean_menu_link_background":"","ocean_menu_link_hover_background":"","ocean_menu_link_active_background":"","ocean_menu_social_links_bg":"","ocean_menu_social_hover_links_bg":"","ocean_menu_social_links_color":"","ocean_menu_social_hover_links_color":"","ocean_disable_title":"default","ocean_disable_heading":"default","ocean_post_title":"","ocean_post_subheading":"","ocean_post_title_style":"","ocean_post_title_background_color":"","ocean_post_title_background":0,"ocean_post_title_bg_image_position":"","ocean_post_title_bg_image_attachment":"","ocean_post_title_bg_image_repeat":"","ocean_post_title_bg_image_size":"","ocean_post_title_height":0,"ocean_post_title_bg_overlay":0.5,"ocean_post_title_bg_overlay_color":"","ocean_disable_breadcrumbs":"default","ocean_breadcrumbs_color":"","ocean_breadcrumbs_separator_color":"","ocean_breadcrumbs_links_color":"","ocean_breadcrumbs_links_hover_color":"","ocean_display_footer_widgets":"default","ocean_display_footer_bottom":"default","ocean_custom_footer_template":""},"pwb-brand":[],"product_brand":[],"product_cat":[71,77,35,18],"product_tag":[159,19],"class_list":{"0":"post-62","1":"product","2":"type-product","3":"status-publish","4":"has-post-thumbnail","6":"product_cat-gin-ron-tequila-absenta","7":"product_cat-regaleria-cocteleria-mixers","8":"product_cat-regalos","9":"product_cat-ron","10":"product_tag-havana","11":"product_tag-ron","13":"entry","14":"has-media","16":"first","17":"instock","18":"sale","19":"shipping-taxable","20":"purchasable","21":"product-type-simple","22":"has-product-nav","23":"col","24":"span_1_of_5","25":"owp-content-center","26":"owp-thumbs-layout-horizontal","27":"owp-btn-normal","28":"owp-tabs-layout-horizontal","29":"has-no-thumbnails"},"brands":[],"_links":{"self":[{"href":"https:\/\/absentha.com.ar\/site\/wp-json\/wp\/v2\/product\/62","targetHints":{"allow":["GET"]}}],"collection":[{"href":"https:\/\/absentha.com.ar\/site\/wp-json\/wp\/v2\/product"}],"about":[{"href":"https:\/\/absentha.com.ar\/site\/wp-json\/wp\/v2\/types\/product"}],"wp:featuredmedia":[{"embeddable":true,"href":"https:\/\/absentha.com.ar\/site\/wp-json\/wp\/v2\/media\/2754"}],"wp:attachment":[{"href":"https:\/\/absentha.com.ar\/site\/wp-json\/wp\/v2\/media?parent=62"}],"wp:term":[{"taxonomy":"pwb-brand","embeddable":true,"href":"https:\/\/absentha.com.ar\/site\/wp-json\/wp\/v2\/pwb-brand?post=62"},{"taxonomy":"product_brand","embeddable":true,"href":"https:\/\/absentha.com.ar\/site\/wp-json\/wp\/v2\/product_brand?post=62"},{"taxonomy":"product_cat","embeddable":true,"href":"https:\/\/absentha.com.ar\/site\/wp-json\/wp\/v2\/product_cat?post=62"},{"taxonomy":"product_tag","embeddable":true,"href":"https:\/\/absentha.com.ar\/site\/wp-json\/wp\/v2\/product_tag?post=62"}],"curies":[{"name":"wp","href":"https:\/\/api.w.org\/{rel}","templated":true}]}}